{"id":132,"date":"2022-10-15T13:15:07","date_gmt":"2022-10-15T13:15:07","guid":{"rendered":"https:\/\/duerselen.eu\/?page_id=132"},"modified":"2025-12-22T08:53:16","modified_gmt":"2025-12-22T08:53:16","slug":"vogel-kalender-2023","status":"publish","type":"page","link":"https:\/\/duerselen.eu\/?page_id=132","title":{"rendered":"Kalender 2026"},"content":{"rendered":"\n<p>Nach den erfolgreichen Kalender Aktionen der letzten Jahre konnten wir heuer mit dem Verkauf \u00fcber 300 Kalendern (Jahrgang 2026) <strong>5.000 \u20ac<\/strong> zu Gunsten unseres <a href=\"https:\/\/duerselen.eu\/?page_id=109\" data-type=\"page\" data-id=\"109\">Stiftungsfonds<\/a> generieren. <strong>Ganz herzlichen Dank an alle, die mit dem Kauf des Kalenders den guten Zweck unterst\u00fctzt haben<\/strong>!<\/p>\n\n\n<div class=\"wp-block-image\">\n<figure class=\"aligncenter size-large\"><a href=\"https:\/\/duerselen.eu\/wp-content\/uploads\/2025\/08\/Titelblatt_Wildtierkalender_2026.jpg\"><img loading=\"lazy\" decoding=\"async\" width=\"1024\" height=\"711\" src=\"https:\/\/duerselen.eu\/wp-content\/uploads\/2025\/08\/Titelblatt_Wildtierkalender_2026-1024x711.jpg\" alt=\"\" class=\"wp-image-474\" srcset=\"https:\/\/duerselen.eu\/wp-content\/uploads\/2025\/08\/Titelblatt_Wildtierkalender_2026-1024x711.jpg 1024w, https:\/\/duerselen.eu\/wp-content\/uploads\/2025\/08\/Titelblatt_Wildtierkalender_2026-300x208.jpg 300w, https:\/\/duerselen.eu\/wp-content\/uploads\/2025\/08\/Titelblatt_Wildtierkalender_2026-768x533.jpg 768w, https:\/\/duerselen.eu\/wp-content\/uploads\/2025\/08\/Titelblatt_Wildtierkalender_2026-1536x1067.jpg 1536w, https:\/\/duerselen.eu\/wp-content\/uploads\/2025\/08\/Titelblatt_Wildtierkalender_2026-2048x1423.jpg 2048w\" sizes=\"auto, (max-width: 1024px) 100vw, 1024px\" \/><\/a><\/figure><\/div>\n\n<div class=\"wp-block-image\">\n<figure class=\"aligncenter size-large\"><a href=\"https:\/\/duerselen.eu\/wp-content\/uploads\/2025\/08\/Titelblatt_Vogelkalender_2026.jpg\"><img loading=\"lazy\" decoding=\"async\" width=\"738\" height=\"1024\" src=\"https:\/\/duerselen.eu\/wp-content\/uploads\/2025\/08\/Titelblatt_Vogelkalender_2026-738x1024.jpg\" alt=\"\" class=\"wp-image-476\" srcset=\"https:\/\/duerselen.eu\/wp-content\/uploads\/2025\/08\/Titelblatt_Vogelkalender_2026-738x1024.jpg 738w, https:\/\/duerselen.eu\/wp-content\/uploads\/2025\/08\/Titelblatt_Vogelkalender_2026-216x300.jpg 216w, https:\/\/duerselen.eu\/wp-content\/uploads\/2025\/08\/Titelblatt_Vogelkalender_2026-768x1065.jpg 768w, https:\/\/duerselen.eu\/wp-content\/uploads\/2025\/08\/Titelblatt_Vogelkalender_2026-1107x1536.jpg 1107w, https:\/\/duerselen.eu\/wp-content\/uploads\/2025\/08\/Titelblatt_Vogelkalender_2026-1476x2048.jpg 1476w, https:\/\/duerselen.eu\/wp-content\/uploads\/2025\/08\/Titelblatt_Vogelkalender_2026.jpg 1730w\" sizes=\"auto, (max-width: 738px) 100vw, 738px\" \/><\/a><\/figure><\/div>\n\n\n<p>F\u00fcr das Jahr 2026 hatten wir zwei Kalender entworfen. Beide zeigen Tiere aus Ostafrika. Ein Kalender in DIN A3 Hochformat ist nur V\u00f6geln gewidmet, w\u00e4hrend der zweite in DIN A3 Querformat andere Wildtiere zeigt. \u00dcbersichten der einzelnen Kalenderbl\u00e4tter seht ihr unten. Mehr \u00fcber die gezeigten Tierarten erfahrt ihr \u00fcber den QR-Code auf jedem Kalenderblatt. Alle Fotos wurden auf unserer Reise im Jahr 2025 durch Ostafrika einschlie\u00dflich Madagaskar aufgenommen.<\/p>\n\n\n\n<p><mark style=\"background-color:rgba(0, 0, 0, 0);color:#f31414\" class=\"has-inline-color\">UPDATE 22.12.25: Beide Kalender sind inzwischen ausverkauft. <\/mark><\/p>\n\n\n\n<p>Der Kaufpreis lag dieses Mal bei 19,95 \u20ac. Davon flossen 16 \u20ac in den Fonds. <\/p>\n\n\n\n<p>Mit dem Erwerb eines Kalenders leistet jeder einen wertvollen Beitrag zur nachhaltigen Verbesserung der Lebensbedingungen \u00e4rmster Bev\u00f6lkerungsgruppen im indischen Subkontinent. N\u00e4heres zum Stiftungsfonds k\u00f6nnt ihr <a href=\"https:\/\/duerselen.eu\/?page_id=109\">hier nachlesen<\/a>.<\/p>\n\n\n\n<p>\u00dcbersichten der Kalender, zum Vergr\u00f6\u00dfern anklicken:<\/p>\n\n\n<div class=\"wp-block-image\">\n<figure class=\"aligncenter size-large\"><a href=\"https:\/\/duerselen.eu\/wp-content\/uploads\/2025\/08\/Wildtierkalender2026.jpg\"><img loading=\"lazy\" decoding=\"async\" width=\"1024\" height=\"680\" src=\"https:\/\/duerselen.eu\/wp-content\/uploads\/2025\/08\/Wildtierkalender2026-1024x680.jpg\" alt=\"\" class=\"wp-image-475\" srcset=\"https:\/\/duerselen.eu\/wp-content\/uploads\/2025\/08\/Wildtierkalender2026-1024x680.jpg 1024w, https:\/\/duerselen.eu\/wp-content\/uploads\/2025\/08\/Wildtierkalender2026-300x199.jpg 300w, https:\/\/duerselen.eu\/wp-content\/uploads\/2025\/08\/Wildtierkalender2026-768x510.jpg 768w, https:\/\/duerselen.eu\/wp-content\/uploads\/2025\/08\/Wildtierkalender2026-1536x1020.jpg 1536w, https:\/\/duerselen.eu\/wp-content\/uploads\/2025\/08\/Wildtierkalender2026-2048x1359.jpg 2048w\" sizes=\"auto, (max-width: 1024px) 100vw, 1024px\" \/><\/a><\/figure><\/div>\n\n<div class=\"wp-block-image\">\n<figure class=\"aligncenter size-large\"><a href=\"https:\/\/duerselen.eu\/wp-content\/uploads\/2025\/08\/Vogelkalender2026.jpg\"><img loading=\"lazy\" decoding=\"async\" width=\"1024\" height=\"759\" src=\"https:\/\/duerselen.eu\/wp-content\/uploads\/2025\/08\/Vogelkalender2026-1024x759.jpg\" alt=\"\" class=\"wp-image-477\" srcset=\"https:\/\/duerselen.eu\/wp-content\/uploads\/2025\/08\/Vogelkalender2026-1024x759.jpg 1024w, https:\/\/duerselen.eu\/wp-content\/uploads\/2025\/08\/Vogelkalender2026-300x222.jpg 300w, https:\/\/duerselen.eu\/wp-content\/uploads\/2025\/08\/Vogelkalender2026-768x569.jpg 768w, https:\/\/duerselen.eu\/wp-content\/uploads\/2025\/08\/Vogelkalender2026-1536x1138.jpg 1536w, https:\/\/duerselen.eu\/wp-content\/uploads\/2025\/08\/Vogelkalender2026-2048x1517.jpg 2048w\" sizes=\"auto, (max-width: 1024px) 100vw, 1024px\" \/><\/a><\/figure><\/div>\n\n\n<figure class=\"wp-block-table\"><table class=\"has-fixed-layout\"><tbody><tr><td><strong>Kalender-Bezahlung mit Ihrer Banking App<\/strong><br>oder klassisch per \u00dcberweisung an:<br>Dr. Lutz D\u00fcrselen<br>IBAN DE73 6305 0000 0000 7013 23<\/td><td><img decoding=\"async\" src=\"https:\/\/duerselen.eu\/wp-content\/uploads\/2025\/12\/Kalenderkauf_0.png\" alt=\"\"><\/td><\/tr><\/tbody><\/table><\/figure>\n\n\n\n<p>This work&nbsp;is licensed under&nbsp;<a href=\"http:\/\/creativecommons.org\/licenses\/by-nc-nd\/4.0\/?ref=chooser-v1\" target=\"_blank\" rel=\"noreferrer noopener\">Attribution-NonCommercial-NoDerivatives 4.0 International<\/a>.<\/p>\n\n\n\n<p><\/p>\n","protected":false},"excerpt":{"rendered":"<p>Nach den erfolgreichen Kalender Aktionen der letzten Jahre konnten wir heuer mit dem Verkauf \u00fcber 300 Kalendern (Jahrgang 2026) 5.000 \u20ac zu Gunsten unseres Stiftungsfonds generieren. Ganz herzlichen Dank an alle, die mit dem Kauf des Kalenders den guten Zweck unterst\u00fctzt haben! F\u00fcr das Jahr 2026 hatten wir zwei Kalender entworfen. Beide zeigen Tiere aus &hellip; <a href=\"https:\/\/duerselen.eu\/?page_id=132\" class=\"more-link\"><span class=\"screen-reader-text\">Kalender 2026<\/span> weiterlesen <span class=\"meta-nav\">&rarr;<\/span><\/a><\/p>\n","protected":false},"author":1,"featured_media":0,"parent":2,"menu_order":0,"comment_status":"closed","ping_status":"closed","template":"","meta":{"footnotes":""},"class_list":["post-132","page","type-page","status-publish","hentry"],"_links":{"self":[{"href":"https:\/\/duerselen.eu\/index.php?rest_route=\/wp\/v2\/pages\/132","targetHints":{"allow":["GET"]}}],"collection":[{"href":"https:\/\/duerselen.eu\/index.php?rest_route=\/wp\/v2\/pages"}],"about":[{"href":"https:\/\/duerselen.eu\/index.php?rest_route=\/wp\/v2\/types\/page"}],"author":[{"embeddable":true,"href":"https:\/\/duerselen.eu\/index.php?rest_route=\/wp\/v2\/users\/1"}],"replies":[{"embeddable":true,"href":"https:\/\/duerselen.eu\/index.php?rest_route=%2Fwp%2Fv2%2Fcomments&post=132"}],"version-history":[{"count":69,"href":"https:\/\/duerselen.eu\/index.php?rest_route=\/wp\/v2\/pages\/132\/revisions"}],"predecessor-version":[{"id":524,"href":"https:\/\/duerselen.eu\/index.php?rest_route=\/wp\/v2\/pages\/132\/revisions\/524"}],"up":[{"embeddable":true,"href":"https:\/\/duerselen.eu\/index.php?rest_route=\/wp\/v2\/pages\/2"}],"wp:attachment":[{"href":"https:\/\/duerselen.eu\/index.php?rest_route=%2Fwp%2Fv2%2Fmedia&parent=132"}],"curies":[{"name":"wp","href":"https:\/\/api.w.org\/{rel}","templated":true}]}}