{"id":109,"date":"2021-05-31T09:57:08","date_gmt":"2021-05-31T09:57:08","guid":{"rendered":"http:\/\/duerselen.eu\/?page_id=109"},"modified":"2025-12-08T14:17:23","modified_gmt":"2025-12-08T14:17:23","slug":"lutz-und-maria-durselen-fonds","status":"publish","type":"page","link":"https:\/\/duerselen.eu\/?page_id=109","title":{"rendered":"Lutz und Maria D\u00fcrselen-Fonds"},"content":{"rendered":"\n<p>Nach unserem Eintritt in den Ruhestand gr\u00fcndeten wir im Herbst&nbsp;2020 durch Zustiftung in die <a href=\"https:\/\/www.andheri-stiftung.de\" target=\"_blank\" rel=\"noreferrer noopener\">Rosi-Gollmann-Andheri-Stiftung<\/a> einen <a href=\"\/\/www.andheri-stiftung.de\/stiftung\/stiftungsfonds\/lutz-u-maria-duerselen-fonds\" target=\"_blank\" rel=\"noreferrer noopener\">Stiftungsfonds<\/a>.&nbsp;Diese Organisation ist eine Stiftung der Freunde und F\u00f6rderer der <a href=\"https:\/\/www.andheri-hilfe.de\" target=\"_blank\" rel=\"noreferrer noopener\">Andheri Hilfe e.V.<\/a>, welche eine freie und unabh\u00e4ngige Organisation der Entwicklungszusammenarbeit (NGO) ist. Wir&nbsp;sind dieser Einrichtung schon seit vielen Jahren&nbsp;verbunden. Es beeindruckt uns insbesondere, dass diese den Menschen&nbsp;in Indien und Bangladesch auf Augenh\u00f6he begegnet. Hier werden keine&nbsp;Almosen verteilt,&nbsp;sondern es wird Hilfe zur Selbsthilfe gegeben, die den&nbsp;Menschen nachhaltig eine w\u00fcrdigere Existenz erm\u00f6glicht.<br><br>Unser Fonds hat sich insbesondere die&nbsp;Verbesserung&nbsp;der Lebensbedingungen im indischen Subkontinent zum Ziel gesetzt. Er&nbsp;findet speziell&nbsp;f\u00fcr nachhaltige, \u00f6kologische Projekte Verwendung, die Familien der&nbsp;\u00e4rmsten&nbsp;Bev\u00f6lkerungsgruppen zu Gute kommen. Besonders den Kindern&nbsp;dieser Familien wird dadurch langfristig zu mehr Gesundheit und besseren&nbsp;Bildungschancen verholfen. Bessere Bildungschancen bedeuten in diesem&nbsp;Zusammenhang regelm\u00e4\u00dfiger Schulbesuch statt Kinderarbeit. <\/p>\n\n\n\n<p><em><strong>Auszug aus dem Jahresbericht 2024 der Stiftung:<\/strong><\/em><\/p>\n\n\n\n<p><strong><em>Armutsreduzierung von Kleinbauern und Frauen durch Verbesserung der landwirtschaftlichen Produktivit\u00e4t und der Wasserversorgung in Westindien<\/em><\/strong><\/p>\n\n\n\n<p><em>Im indischen Bundesstaat Karnataka k\u00e4mpfen viele Familien mit den Folgen der Klimakrise. Die Regenzeiten werden immer unregelm\u00e4\u00dfiger &#8211; im Jahr 2023 fiel im Dakshina Kannada Distrikt nur noch halb so viel Niederschlag wie normalerweise \u00fcblich. D\u00fcrreperioden nehmen zu, der Grundwasserspiegel sinkt, Ernten bleiben aus. Besonders hart trifft es Frauen, die allein f\u00fcr ihre Familien sorgen. Wenn die Felder vertrocknen, verlieren sie nicht nur ihre Lebensgrundlage, sondern auch die Hoffnung auf ihre Zukunft.<\/em><\/p>\n\n\n\n<p><em>In Zusammenarbeit mit der Partnerorganisation DISHA wurden 20 besonders betroffene D\u00f6rfer ausgew\u00e4hlt. Ziel ist es, die Lebensbedingungen der Menschen nachhaltig zu verbessern. Das Projekt richtet sich an Kleinbauernfamilien, von denen viele allein von Frauen gef\u00fchrt werden. Sie stehen im Mittelpunkt aller Ma\u00dfnahmen, denn sie sind die tragenden S\u00e4ulen ihrer Gemeinschaften.<\/em><\/p>\n\n\n\n<p><strong>Ziele des Projekts:<\/strong><\/p>\n\n\n\n<ul class=\"wp-block-list\">\n<li><em>&nbsp;Bessere Wasserversorgung: Zugang zu sauberem Trinkwasser, Bew\u00e4sserungssystemen und zu Wasser f\u00fcr die Tierhaltung.<\/em><\/li>\n\n\n\n<li>&nbsp;<em>St\u00e4rkung der Landwirtschaft: Erh\u00f6hung der Produktivit\u00e4t durch nachhaltiges Resourcenmanagement, \u00f6kologische Anbaumethoden und neue Einkommensquellen.<\/em><\/li>\n\n\n\n<li><em>&nbsp;Empowerment von Frauen: Aufbau von Wissen, F\u00fchrungsqualit\u00e4ten und Mitsprache in politischen und wirtschaftlichen Entscheidungsprozessen.<\/em><\/li>\n<\/ul>\n\n\n\n<p><strong><em>Wege aus der Armut:<\/em><\/strong><\/p>\n\n\n\n<p><em>In den D\u00f6rfern wurden Kleinbauernkomitees und Selbsthiltegruppen mit einem Frauenanteil von mindestens 50% gegr\u00fcndet. Sie sind das Herzst\u00fcck des Projekts. Hier lernen die Teilnehmerinnen, wie sie ihre Felder effizient bew\u00e4ssern, Erosionsrinnen sichern oder Brunnen instandsetzen. Auch \u00f6kologische Landwirtschaft und der Anbau von K\u00fccheng\u00e4rten geh\u00f6ren Gruppenarbeit der Frauen aus Kleinbauernhaushalten zum Programm. Ebenso Schulungen zur Tierhaltung und Gr\u00fcndung kleiner Betriebe. Durch diese Ma\u00dfnahmen verbessern sich nicht nur die Ertr\u00e4ge, sondern auch das Selbstbewusstsein der Frauen. Sie \u00fcbernehmen Verantwortung, tauschen Wissen aus und werden zu Vorbildern in ihren Gemeinden.<\/em><\/p>\n\n\n\n<p><em>Das Projekt zeigt: Mit Wissen in Gemeinschaft und mit Zugang zu Wasser kann Armut \u00fcberwunden werden. Jede neue Quelle, jeder gr\u00fcne Garten und jede Frau, die ihre Familie mit eigenem Einkommen unterst\u00fctzt, ist ein Zeichen der Hoffnung.<\/em><\/p>\n\n\n\n<p><em>Dank der Kathrine und Antonius Nienhaus-Stiftung, der Dr.-Berthold-Schwab-Stiftung, der Margot und Hermann-Heinz M\u00fcller-Stiftung, der Irmgard und Dipak Sen Gupta-Stiftung, der Christiane und Rolf Elker-Stiftung und dem Stiftungsfonds Marcel Schmitz, dem <strong>Lutz und Maria D\u00fcrselen-Fonds<\/strong> sowie zahlreicher Einzelspender konnten wir f\u00fcr Planungsphase und erste Ma\u00dfnahmen einen Betrag in H\u00f6he von 37.734 \u20ac f\u00fcr dieses Projekt aussch\u00fctten.<\/em><\/p>\n\n\n\n<p>F\u00fcr diesen Stiftungsfonds sammeln wir&nbsp;Spenden, die nat\u00fcrlich steuerlich absetzbar sind. \u00dcber euren Beitrag <span style=\"background-color:rgba(0, 0, 0, 0)\" class=\"has-inline-color has-vivid-red-color\">gleich&nbsp;welcher H\u00f6he!<\/span> w\u00fcrden wir uns sehr freuen. N\u00e4here Informationen zur Rosi-Gollmann-Andheri-Stiftung&nbsp;und zu&nbsp;unserem Fonds findet ihr unter den folgenden Links. Ihr k\u00f6nnt uns selbstverst\u00e4ndlich auch&nbsp;<a href=\"mailto:stiftung@duerselen.eu\">pers\u00f6nlich ansprechen<\/a>, wenn ihr hierzu Fragen habt.<br><br><a class=\"\" href=\"https:\/\/www.andheri-stiftung.de\/\">https:\/\/www.andheri-stiftung.de<\/a><br><a class=\"\" href=\"https:\/\/www.andheri-stiftung.de\/stiftung\/stiftungsfonds\/lutz-u-maria-duerselen-fonds\">https:\/\/www.andheri-stiftung.de\/stiftung\/stiftungsfonds\/lutz-u-maria-duerselen-fonds<\/a><\/p>\n\n\n\n<p class=\"has-black-color has-text-color\">Lutz und Maria D\u00fcrselen Fonds<br>c\/o Rosi-Gollmann-Andheri-Stiftung<br>Mackestr. 53<br>53119 Bonn<br>E-Mail:&nbsp;<a href=\"mailto:stiftung@duerselen.eu\">stiftung@duerselen.eu<\/a><\/p>\n\n\n\n<p class=\"has-black-color has-text-color\"><strong>SPENDEN<\/strong><br>Wenn Sie eine Spende t\u00e4tigen m\u00f6chten, verwenden Sie bitte die nachfolgende Kontoverbindung. Um eine Spendenquittung zu erhalten, bitte bei der \u00dcberweisung die Adresse angeben:<\/p>\n\n\n\n<p class=\"has-black-color has-text-color\"><br>Spendenkonto:<br>Lutz und Maria D\u00fcrselen-Fonds<br>IBAN: DE33370601937531230072<br>BIC: GENODED1PAX<\/p>\n\n\n\n<p><strong>KALENDERBEZAHLUNG<\/strong><br>Zur Bezahlung eines Kalenders aus unserer <a href=\"https:\/\/duerselen.eu\/?page_id=132\" data-type=\"page\" data-id=\"132\" target=\"_blank\" rel=\"noreferrer noopener\">j\u00e4hrlichen Aktion <\/a>\u00fcberweisen Sie bitte auf:<br>Dr. Lutz D\u00fcrselen<br>IBAN: DE73 6305 0000 0000 7013 23<br>BIC: SOLADES1ULM<\/p>\n\n\n\n<p><strong>Bezahlen mit Ihrer Banking-App:<\/strong><\/p>\n\n\n\n<figure class=\"wp-block-table\"><table class=\"has-fixed-layout\"><tbody><tr><td><strong>Spende<\/strong><\/td><td><img loading=\"lazy\" decoding=\"async\" width=\"150\" height=\"142\" class=\"wp-image-495\" style=\"width: 150px;\" src=\"https:\/\/duerselen.eu\/wp-content\/uploads\/2025\/09\/iban_DE33370601937531230072_zahlen-mit-code.com_.png\" alt=\"\" srcset=\"https:\/\/duerselen.eu\/wp-content\/uploads\/2025\/09\/iban_DE33370601937531230072_zahlen-mit-code.com_.png 434w, https:\/\/duerselen.eu\/wp-content\/uploads\/2025\/09\/iban_DE33370601937531230072_zahlen-mit-code.com_-300x283.png 300w\" sizes=\"auto, (max-width: 150px) 100vw, 150px\" \/><\/td><\/tr><tr><td><strong>Kalender-Bezahlung<\/strong> <\/td><td><img loading=\"lazy\" decoding=\"async\" width=\"150\" height=\"142\" class=\"wp-image-513\" style=\"width: 150px;\" src=\"https:\/\/duerselen.eu\/wp-content\/uploads\/2025\/12\/Kalenderkauf_0.png\" alt=\"\" srcset=\"https:\/\/duerselen.eu\/wp-content\/uploads\/2025\/12\/Kalenderkauf_0.png 434w, https:\/\/duerselen.eu\/wp-content\/uploads\/2025\/12\/Kalenderkauf_0-300x283.png 300w\" sizes=\"auto, (max-width: 150px) 100vw, 150px\" \/><a href=\"https:\/\/duerselen.eu\/wp-content\/uploads\/2025\/12\/Kalenderkauf_0.png\"><\/a><a href=\"https:\/\/duerselen.eu\/wp-content\/uploads\/2025\/12\/Kalenderkauf_0.png\"><\/a><\/td><\/tr><\/tbody><\/table><\/figure>\n\n\n\n<p><\/p>\n","protected":false},"excerpt":{"rendered":"<p>Nach unserem Eintritt in den Ruhestand gr\u00fcndeten wir im Herbst&nbsp;2020 durch Zustiftung in die Rosi-Gollmann-Andheri-Stiftung einen Stiftungsfonds.&nbsp;Diese Organisation ist eine Stiftung der Freunde und F\u00f6rderer der Andheri Hilfe e.V., welche eine freie und unabh\u00e4ngige Organisation der Entwicklungszusammenarbeit (NGO) ist. Wir&nbsp;sind dieser Einrichtung schon seit vielen Jahren&nbsp;verbunden. Es beeindruckt uns insbesondere, dass diese den Menschen&nbsp;in Indien &hellip; <a href=\"https:\/\/duerselen.eu\/?page_id=109\" class=\"more-link\"><span class=\"screen-reader-text\">Lutz und Maria D\u00fcrselen-Fonds<\/span> weiterlesen <span class=\"meta-nav\">&rarr;<\/span><\/a><\/p>\n","protected":false},"author":1,"featured_media":399,"parent":2,"menu_order":0,"comment_status":"closed","ping_status":"closed","template":"","meta":{"footnotes":""},"class_list":["post-109","page","type-page","status-publish","has-post-thumbnail","hentry"],"_links":{"self":[{"href":"https:\/\/duerselen.eu\/index.php?rest_route=\/wp\/v2\/pages\/109","targetHints":{"allow":["GET"]}}],"collection":[{"href":"https:\/\/duerselen.eu\/index.php?rest_route=\/wp\/v2\/pages"}],"about":[{"href":"https:\/\/duerselen.eu\/index.php?rest_route=\/wp\/v2\/types\/page"}],"author":[{"embeddable":true,"href":"https:\/\/duerselen.eu\/index.php?rest_route=\/wp\/v2\/users\/1"}],"replies":[{"embeddable":true,"href":"https:\/\/duerselen.eu\/index.php?rest_route=%2Fwp%2Fv2%2Fcomments&post=109"}],"version-history":[{"count":27,"href":"https:\/\/duerselen.eu\/index.php?rest_route=\/wp\/v2\/pages\/109\/revisions"}],"predecessor-version":[{"id":516,"href":"https:\/\/duerselen.eu\/index.php?rest_route=\/wp\/v2\/pages\/109\/revisions\/516"}],"up":[{"embeddable":true,"href":"https:\/\/duerselen.eu\/index.php?rest_route=\/wp\/v2\/pages\/2"}],"wp:featuredmedia":[{"embeddable":true,"href":"https:\/\/duerselen.eu\/index.php?rest_route=\/wp\/v2\/media\/399"}],"wp:attachment":[{"href":"https:\/\/duerselen.eu\/index.php?rest_route=%2Fwp%2Fv2%2Fmedia&parent=109"}],"curies":[{"name":"wp","href":"https:\/\/api.w.org\/{rel}","templated":true}]}}